{"id":28,"date":"2025-12-18T13:51:11","date_gmt":"2025-12-18T13:51:11","guid":{"rendered":"https:\/\/finance.belivedigital.com\/?page_id=28"},"modified":"2026-04-24T18:06:37","modified_gmt":"2026-04-24T18:06:37","slug":"termos-e-condicoes","status":"publish","type":"page","link":"https:\/\/belivefinance.chatactio.com\/ko\/termos-e-condicoes\/","title":{"rendered":"\uc774\uc6a9\uc57d\uad00"},"content":{"rendered":"<html><body><p>Bem-vindo \u00e0 Finance Belive Digital. Ao acessar nosso site em <strong><a href=\"https:\/\/finance.belivedigital.com\/\" target=\"_blank\" rel=\"noreferrer noopener\">https:\/\/finance.belivedigital.com<\/a><\/strong>, voc\u00ea concorda em cumprir e estar vinculado aos seguintes termos e condi\u00e7\u00f5es. Se voc\u00ea discordar de qualquer parte destes termos, por favor, n\u00e3o utilize nosso site.<\/p>\n\n\n\n<h3 class=\"wp-block-heading\">1. Uso do Site<\/h3>\n\n\n\n<p>Voc\u00ea concorda em usar este site apenas para fins l\u00edcitos e de uma forma que n\u00e3o infrinja os direitos de, restrinja ou iniba o uso e o aproveitamento do site por qualquer outra pessoa.<\/p>\n\n\n\n<h3 class=\"wp-block-heading\">2. Propriedade Intelectual<\/h3>\n\n\n\n<p>Todo o conte\u00fado publicado neste site, incluindo textos, gr\u00e1ficos, logotipos, imagens e outros materiais, \u00e9 de propriedade da Finance Belive Digital ou de seus fornecedores de conte\u00fado e est\u00e1 protegido por leis internacionais de direitos autorais.<\/p>\n\n\n\n<p>Voc\u00ea n\u00e3o pode reproduzir, distribuir ou explorar qualquer conte\u00fado sem nossa permiss\u00e3o expl\u00edcita por escrito.<\/p>\n\n\n\n<h3 class=\"wp-block-heading\">3. Isen\u00e7\u00e3o de Responsabilidade<\/h3>\n\n\n\n<p>As informa\u00e7\u00f5es fornecidas neste site s\u00e3o apenas para fins informativos gerais. Embora nos esforcemos para manter o conte\u00fado preciso e atualizado, a Finance Belive Digital n\u00e3o faz garantias ou representa\u00e7\u00f5es de qualquer tipo em rela\u00e7\u00e3o \u00e0 integridade, precis\u00e3o ou confiabilidade do conte\u00fado.<\/p>\n\n\n\n<p>\uc774 \uc6f9\uc0ac\uc774\ud2b8\uc758 \uc815\ubcf4\ub97c \ubc14\ud0d5\uc73c\ub85c \ub0b4\ub9ac\ub294 \ubaa8\ub4e0 \ud589\ub3d9\uc5d0 \ub300\ud55c \ucc45\uc784\uc740 \uc804\uc801\uc73c\ub85c \uadc0\ud558\uc5d0\uac8c \uc788\uc2b5\ub2c8\ub2e4.<\/p>\n\n\n\n<h3 class=\"wp-block-heading\">4. Limita\u00e7\u00e3o de Responsabilidade<\/h3>\n\n\n\n<p>A Finance Belive Digital n\u00e3o ser\u00e1 respons\u00e1vel por quaisquer perdas e\/ou danos em conex\u00e3o com o uso do nosso site.<\/p>\n\n\n\n<h3 class=\"wp-block-heading\">5. Links para Outros Sites<\/h3>\n\n\n\n<p>\uc800\ud76c \uc6f9\uc0ac\uc774\ud2b8\uc5d0\ub294 \uc800\ud76c\uac00 \uc6b4\uc601\ud558\uc9c0 \uc54a\ub294 \uc678\ubd80 \uc0ac\uc774\ud2b8\ub85c \uc5f0\uacb0\ub418\ub294 \ub9c1\ud06c\uac00 \ud3ec\ud568\ub420 \uc218 \uc788\uc2b5\ub2c8\ub2e4. \uc800\ud76c\ub294 \uc774\ub7ec\ud55c \uc0ac\uc774\ud2b8\uc758 \ucf58\ud150\uce20 \ubc0f \uc6b4\uc601 \ubc29\uc2dd\uc5d0 \ub300\ud574 \ud1b5\uc81c\ud560 \uc218 \uc5c6\uc73c\uba70, \ud574\ub2f9 \uc0ac\uc774\ud2b8\uc758 \uac1c\uc778\uc815\ubcf4 \ubcf4\ud638\uc815\ucc45\uc774\ub098 \uc774\uc6a9\uc57d\uad00\uc5d0 \ub300\ud574 \ucc45\uc784\uc744 \uc9c0\uc9c0 \uc54a\uc2b5\ub2c8\ub2e4.<\/p>\n\n\n\n<h3 class=\"wp-block-heading\">6. Altera\u00e7\u00f5es nestes Termos<\/h3>\n\n\n\n<p>Reservamo-nos o direito de atualizar estes Termos de Uso a qualquer momento. Quaisquer modifica\u00e7\u00f5es entrar\u00e3o em vigor imediatamente ap\u00f3s a postagem nesta p\u00e1gina. Incentivamos os usu\u00e1rios a verificar frequentemente esta p\u00e1gina para quaisquer altera\u00e7\u00f5es.<\/p>\n\n\n\n<h3 class=\"wp-block-heading\">7. Lei Regente<\/h3>\n\n\n\n<p>Estes termos ser\u00e3o regidos e interpretados de acordo com as leis da jurisdi\u00e7\u00e3o onde a Finance Belive Digital opera, sem considerar o conflito de disposi\u00e7\u00f5es legais.<\/p>\n\n\n\n<h3 class=\"wp-block-heading\">8. Contato<\/h3>\n\n\n\n<p>\uc774\uc6a9\uc57d\uad00\uc5d0 \ub300\ud574 \uad81\uae08\ud55c \uc810\uc774 \uc788\uc73c\uba74 \uc800\ud76c\uc5d0\uac8c \ubb38\uc758\ud574 \uc8fc\uc138\uc694.<\/p>\n\n\n\n<p>\ud83d\udce7 \uc774\uba54\uc77c: contato@finance.belivedigital.com<\/p>\n<\/body><\/html>","protected":false},"excerpt":{"rendered":"<p>Bem-vindo \u00e0 Finance Belive Digital. Ao acessar nosso site em https:\/\/finance.belivedigital.com, voc\u00ea concorda em cumprir e estar vinculado aos seguintes termos e condi\u00e7\u00f5es. Se voc\u00ea discordar de qualquer parte destes termos, por favor, n\u00e3o utilize nosso site. 1. Uso do Site Voc\u00ea concorda em usar este site apenas para fins l\u00edcitos e de uma forma [&hellip;]<\/p>\n","protected":false},"author":2,"featured_media":0,"parent":0,"menu_order":0,"comment_status":"closed","ping_status":"closed","template":"","meta":{"footnotes":""},"class_list":["post-28","page","type-page","status-publish","hentry"],"_links":{"self":[{"href":"https:\/\/belivefinance.chatactio.com\/ko\/wp-json\/wp\/v2\/pages\/28","targetHints":{"allow":["GET"]}}],"collection":[{"href":"https:\/\/belivefinance.chatactio.com\/ko\/wp-json\/wp\/v2\/pages"}],"about":[{"href":"https:\/\/belivefinance.chatactio.com\/ko\/wp-json\/wp\/v2\/types\/page"}],"author":[{"embeddable":true,"href":"https:\/\/belivefinance.chatactio.com\/ko\/wp-json\/wp\/v2\/users\/2"}],"replies":[{"embeddable":true,"href":"https:\/\/belivefinance.chatactio.com\/ko\/wp-json\/wp\/v2\/comments?post=28"}],"version-history":[{"count":3,"href":"https:\/\/belivefinance.chatactio.com\/ko\/wp-json\/wp\/v2\/pages\/28\/revisions"}],"predecessor-version":[{"id":194,"href":"https:\/\/belivefinance.chatactio.com\/ko\/wp-json\/wp\/v2\/pages\/28\/revisions\/194"}],"wp:attachment":[{"href":"https:\/\/belivefinance.chatactio.com\/ko\/wp-json\/wp\/v2\/media?parent=28"}],"curies":[{"name":"wp","href":"https:\/\/api.w.org\/{rel}","templated":true}]}}