{"id":23,"date":"2025-12-18T13:43:07","date_gmt":"2025-12-18T13:43:07","guid":{"rendered":"https:\/\/finance.belivedigital.com\/?page_id=23"},"modified":"2025-12-18T13:43:07","modified_gmt":"2025-12-18T13:43:07","slug":"sobre-nos","status":"publish","type":"page","link":"https:\/\/belivefinance.chatactio.com\/ko\/sobre-nos\/","title":{"rendered":"\ud68c\uc0ac \uc18c\uac1c"},"content":{"rendered":"<html><body><p>finance.belivedigital\uc744 \ub9cc\ub098\ubcf4\uc138\uc694! \uc800\ud76c\ub294 \uae08\uc735 \uc815\ubcf4\uc640 \ub2e4\uc591\ud55c \ud301\uc744 \uc81c\uacf5\ud558\ub294 \ud3ec\ud138\uc785\ub2c8\ub2e4. \uac00\uc7a5 \uc548\uc804\ud55c \ucd9c\ucc98\uc5d0\uc11c \uc9c1\uc811 \uc81c\uacf5\ud558\ub294 \ubbff\uc744 \uc218 \uc788\uace0 \ucd5c\uc2e0 \ub274\uc2a4\ub97c \ud1b5\ud574 \ud56d\uc0c1 \uc815\ud655\ud55c \uc815\ubcf4\ub97c \uc5bb\uc73c\uc2e4 \uc218 \uc788\ub3c4\ub85d \ucd5c\uc120\uc744 \ub2e4\ud558\uace0 \uc788\uc2b5\ub2c8\ub2e4. \uc800\ud76c \ucf58\ud150\uce20\ub97c \ud314\ub85c\uc6b0\ud558\uc2dc\uace0 \ub514\uc9c0\ud138 \uc138\uc0c1\uc758 \ubaa8\ub4e0 \uc911\uc694\ud55c \uc18c\uc2dd\uc744 \ubc1b\uc544\ubcf4\uc138\uc694!<\/p>\n\n\n\n<p>finance.belivedigital\uc5d0 \uc624\uc2e0 \uac83\uc744 \ud658\uc601\ud569\ub2c8\ub2e4!<\/p>\n<\/body><\/html>","protected":false},"excerpt":{"rendered":"<p>Conhe\u00e7a o finance.belivedigital! Somos um portal dedicado a fornecer informa\u00e7\u00f5es sobre finan\u00e7as e diversas dicas. Nosso compromisso \u00e9 entregar not\u00edcias confi\u00e1veis \u200b\u200be atualizadas, diretamente das fontes mais seguras, para que voc\u00ea esteja sempre bem informado. Acompanhe nosso conte\u00fado e fique por dentro de tudo o que \u00e9 relevante no mundo digital! Bem-vindo ao finance.belivedigital!<\/p>","protected":false},"author":2,"featured_media":0,"parent":0,"menu_order":0,"comment_status":"closed","ping_status":"closed","template":"","meta":{"footnotes":""},"class_list":["post-23","page","type-page","status-publish","hentry"],"_links":{"self":[{"href":"https:\/\/belivefinance.chatactio.com\/ko\/wp-json\/wp\/v2\/pages\/23","targetHints":{"allow":["GET"]}}],"collection":[{"href":"https:\/\/belivefinance.chatactio.com\/ko\/wp-json\/wp\/v2\/pages"}],"about":[{"href":"https:\/\/belivefinance.chatactio.com\/ko\/wp-json\/wp\/v2\/types\/page"}],"author":[{"embeddable":true,"href":"https:\/\/belivefinance.chatactio.com\/ko\/wp-json\/wp\/v2\/users\/2"}],"replies":[{"embeddable":true,"href":"https:\/\/belivefinance.chatactio.com\/ko\/wp-json\/wp\/v2\/comments?post=23"}],"version-history":[{"count":1,"href":"https:\/\/belivefinance.chatactio.com\/ko\/wp-json\/wp\/v2\/pages\/23\/revisions"}],"predecessor-version":[{"id":24,"href":"https:\/\/belivefinance.chatactio.com\/ko\/wp-json\/wp\/v2\/pages\/23\/revisions\/24"}],"wp:attachment":[{"href":"https:\/\/belivefinance.chatactio.com\/ko\/wp-json\/wp\/v2\/media?parent=23"}],"curies":[{"name":"wp","href":"https:\/\/api.w.org\/{rel}","templated":true}]}}