{"id":28,"date":"2025-12-18T13:51:11","date_gmt":"2025-12-18T13:51:11","guid":{"rendered":"https:\/\/finance.belivedigital.com\/?page_id=28"},"modified":"2026-04-24T18:06:37","modified_gmt":"2026-04-24T18:06:37","slug":"termos-e-condicoes","status":"publish","type":"page","link":"https:\/\/belivefinance.chatactio.com\/ja\/termos-e-condicoes\/","title":{"rendered":"\u5229\u7528\u898f\u7d04"},"content":{"rendered":"<html><body><p>Bem-vindo \u00e0 Finance Belive Digital. Ao acessar nosso site em <strong><a href=\"https:\/\/finance.belivedigital.com\/\" target=\"_blank\" rel=\"noreferrer noopener\">https:\/\/finance.belivedigital.com<\/a><\/strong>, voc\u00ea concorda em cumprir e estar vinculado aos seguintes termos e condi\u00e7\u00f5es. Se voc\u00ea discordar de qualquer parte destes termos, por favor, n\u00e3o utilize nosso site.<\/p>\n\n\n\n<h3 class=\"wp-block-heading\">1. Uso do Site<\/h3>\n\n\n\n<p>Voc\u00ea concorda em usar este site apenas para fins l\u00edcitos e de uma forma que n\u00e3o infrinja os direitos de, restrinja ou iniba o uso e o aproveitamento do site por qualquer outra pessoa.<\/p>\n\n\n\n<h3 class=\"wp-block-heading\">2. Propriedade Intelectual<\/h3>\n\n\n\n<p>Todo o conte\u00fado publicado neste site, incluindo textos, gr\u00e1ficos, logotipos, imagens e outros materiais, \u00e9 de propriedade da Finance Belive Digital ou de seus fornecedores de conte\u00fado e est\u00e1 protegido por leis internacionais de direitos autorais.<\/p>\n\n\n\n<p>Voc\u00ea n\u00e3o pode reproduzir, distribuir ou explorar qualquer conte\u00fado sem nossa permiss\u00e3o expl\u00edcita por escrito.<\/p>\n\n\n\n<h3 class=\"wp-block-heading\">3. Isen\u00e7\u00e3o de Responsabilidade<\/h3>\n\n\n\n<p>As informa\u00e7\u00f5es fornecidas neste site s\u00e3o apenas para fins informativos gerais. Embora nos esforcemos para manter o conte\u00fado preciso e atualizado, a Finance Belive Digital n\u00e3o faz garantias ou representa\u00e7\u00f5es de qualquer tipo em rela\u00e7\u00e3o \u00e0 integridade, precis\u00e3o ou confiabilidade do conte\u00fado.<\/p>\n\n\n\n<p>Qualquer a\u00e7\u00e3o que voc\u00ea tome com base nas informa\u00e7\u00f5es deste site \u00e9 estritamente por sua conta e risco.<\/p>\n\n\n\n<h3 class=\"wp-block-heading\">4. Limita\u00e7\u00e3o de Responsabilidade<\/h3>\n\n\n\n<p>A Finance Belive Digital n\u00e3o ser\u00e1 respons\u00e1vel por quaisquer perdas e\/ou danos em conex\u00e3o com o uso do nosso site.<\/p>\n\n\n\n<h3 class=\"wp-block-heading\">5. Links para Outros Sites<\/h3>\n\n\n\n<p>Nosso site pode conter links para sites externos que n\u00e3o s\u00e3o operados por n\u00f3s. N\u00e3o temos controle sobre o conte\u00fado e as pr\u00e1ticas desses sites e n\u00e3o podemos aceitar responsabilidade por suas respectivas pol\u00edticas de privacidade ou termos.<\/p>\n\n\n\n<h3 class=\"wp-block-heading\">6. Altera\u00e7\u00f5es nestes Termos<\/h3>\n\n\n\n<p>Reservamo-nos o direito de atualizar estes Termos de Uso a qualquer momento. Quaisquer modifica\u00e7\u00f5es entrar\u00e3o em vigor imediatamente ap\u00f3s a postagem nesta p\u00e1gina. Incentivamos os usu\u00e1rios a verificar frequentemente esta p\u00e1gina para quaisquer altera\u00e7\u00f5es.<\/p>\n\n\n\n<h3 class=\"wp-block-heading\">7. Lei Regente<\/h3>\n\n\n\n<p>Estes termos ser\u00e3o regidos e interpretados de acordo com as leis da jurisdi\u00e7\u00e3o onde a Finance Belive Digital opera, sem considerar o conflito de disposi\u00e7\u00f5es legais.<\/p>\n\n\n\n<h3 class=\"wp-block-heading\">8. Contato<\/h3>\n\n\n\n<p>Se voc\u00ea tiver alguma d\u00favida sobre estes Termos de Uso, entre em contato conosco:<\/p>\n\n\n\n<p>\ud83d\udce7 E-mail: contato@finance.belivedigital.com<\/p>\n<\/body><\/html>","protected":false},"excerpt":{"rendered":"<p>Bem-vindo \u00e0 Finance Belive Digital. Ao acessar nosso site em https:\/\/finance.belivedigital.com, voc\u00ea concorda em cumprir e estar vinculado aos seguintes termos e condi\u00e7\u00f5es. Se voc\u00ea discordar de qualquer parte destes termos, por favor, n\u00e3o utilize nosso site. 1. Uso do Site Voc\u00ea concorda em usar este site apenas para fins l\u00edcitos e de uma forma que n\u00e3o infrinja os direitos de, restrinja ou iniba o uso e o aproveitamento do site por qualquer outra pessoa. 2. Propriedade Intelectual Todo o conte\u00fado publicado neste site, incluindo textos, gr\u00e1ficos, logotipos, imagens e outros materiais, \u00e9 de propriedade da Finance Belive Digital ou de seus fornecedores de conte\u00fado e est\u00e1 protegido por leis [&hellip;]<\/p>\n","protected":false},"author":2,"featured_media":0,"parent":0,"menu_order":0,"comment_status":"closed","ping_status":"closed","template":"","meta":{"footnotes":""},"class_list":["post-28","page","type-page","status-publish","hentry"],"_links":{"self":[{"href":"https:\/\/belivefinance.chatactio.com\/ja\/wp-json\/wp\/v2\/pages\/28","targetHints":{"allow":["GET"]}}],"collection":[{"href":"https:\/\/belivefinance.chatactio.com\/ja\/wp-json\/wp\/v2\/pages"}],"about":[{"href":"https:\/\/belivefinance.chatactio.com\/ja\/wp-json\/wp\/v2\/types\/page"}],"author":[{"embeddable":true,"href":"https:\/\/belivefinance.chatactio.com\/ja\/wp-json\/wp\/v2\/users\/2"}],"replies":[{"embeddable":true,"href":"https:\/\/belivefinance.chatactio.com\/ja\/wp-json\/wp\/v2\/comments?post=28"}],"version-history":[{"count":3,"href":"https:\/\/belivefinance.chatactio.com\/ja\/wp-json\/wp\/v2\/pages\/28\/revisions"}],"predecessor-version":[{"id":194,"href":"https:\/\/belivefinance.chatactio.com\/ja\/wp-json\/wp\/v2\/pages\/28\/revisions\/194"}],"wp:attachment":[{"href":"https:\/\/belivefinance.chatactio.com\/ja\/wp-json\/wp\/v2\/media?parent=28"}],"curies":[{"name":"wp","href":"https:\/\/api.w.org\/{rel}","templated":true}]}}