{"id":3,"date":"2025-12-17T14:21:23","date_gmt":"2025-12-17T14:21:23","guid":{"rendered":"https:\/\/finance.belivedigital.com\/?page_id=3"},"modified":"2026-04-24T18:00:56","modified_gmt":"2026-04-24T18:00:56","slug":"privacy-policy","status":"publish","type":"page","link":"https:\/\/belivefinance.chatactio.com\/fr\/privacy-policy\/","title":{"rendered":"politique de confidentialit\u00e9"},"content":{"rendered":"<html><body><h2 class=\"wp-block-heading\">politique de confidentialit\u00e9<\/h2>\n\n\n\n<p>Nous prenons votre vie priv\u00e9e tr\u00e8s au s\u00e9rieux. Chez Finance Believe Digital, nous nous engageons \u00e0 prot\u00e9ger vos donn\u00e9es personnelles concernant toutes les informations susceptibles d&#039;\u00eatre collect\u00e9es sur notre site web et sur tout autre site web que nous g\u00e9rons.<\/p>\n\n\n\n<p>Nous collectons vos donn\u00e9es personnelles uniquement lorsque cela est strictement n\u00e9cessaire pour vous fournir nos services. Ce processus est men\u00e9 de mani\u00e8re loyale et totalement transparente, toujours avec votre consentement \u00e9clair\u00e9. De plus, nous vous expliquons les raisons de cette collecte et l&#039;utilisation qui en sera faite.<\/p>\n\n\n\n<p>Nous conservons les donn\u00e9es collect\u00e9es uniquement pendant la dur\u00e9e n\u00e9cessaire \u00e0 la fourniture du service demand\u00e9. Nous utilisons des mesures de s\u00e9curit\u00e9 conformes aux normes du secteur pour prot\u00e9ger les donn\u00e9es stock\u00e9es contre toute perte, vol, acc\u00e8s non autoris\u00e9, divulgation abusive, copie ou alt\u00e9ration.<\/p>\n\n\n\n<p>Nous ne divulguons pas vos donn\u00e9es personnelles publiquement ni \u00e0 des tiers, sauf si la loi l&#039;exige.<\/p>\n\n\n\n<p>Notre site web peut contenir des liens vers des sites externes qui ne sont pas sous notre contr\u00f4le. Veuillez noter que nous ne sommes pas responsables des politiques de confidentialit\u00e9 ni du contenu de ces sites externes.<\/p>\n\n\n\n<p>Vous avez parfaitement le droit de refuser de fournir vos donn\u00e9es personnelles, m\u00eame si cela peut limiter notre capacit\u00e9 \u00e0 vous fournir certains services.<\/p>\n\n\n\n<p>En continuant \u00e0 utiliser notre site web, vous acceptez notre politique de protection de la vie priv\u00e9e et de traitement des donn\u00e9es personnelles. Pour toute question relative au traitement de vos donn\u00e9es, n&#039;h\u00e9sitez pas \u00e0 nous contacter.<\/p>\n\n\n\n<h3 class=\"wp-block-heading\">S\u00e9curit\u00e9 des sites web Finance Croire au num\u00e9rique<\/h3>\n\n\n\n<p>Selon Website Check, le site web est fiable et s\u00e9curis\u00e9 pour l&#039;utilisateur. Cette page v\u00e9rifie les informations du site afin d&#039;identifier d&#039;\u00e9ventuels probl\u00e8mes de s\u00e9curit\u00e9.<\/p>\n\n\n\n<h2 class=\"wp-block-heading\">Politique de cookies de Finance Belive Digital<\/h2>\n\n\n\n<p id=\"p-rc_a6c93c336bf820e8-19\"><strong>Que sont les cookies ?<\/strong><\/p>\n\n\n\n<p id=\"p-rc_a6c93c336bf820e8-19\">Comme c&#039;est le cas pour la plupart des sites web professionnels, ce site utilise des cookies, petits fichiers t\u00e9l\u00e9charg\u00e9s sur votre ordinateur, afin d&#039;am\u00e9liorer votre exp\u00e9rience. Cette page d\u00e9crit les informations qu&#039;ils collectent.<sup><\/sup>Nous vous expliquerons \u00e9galement comment nous les utilisons et pourquoi nous avons parfois besoin de stocker ces cookies. <sup><\/sup>Emp\u00eacher le stockage de ces cookies peut toutefois r\u00e9duire ou \u201c perturber \u201d certaines fonctionnalit\u00e9s du site.<\/p>\n\n\n\n<p id=\"p-rc_a6c93c336bf820e8-20\"><strong>Comment utilisons-nous les cookies ?<\/strong><\/p>\n\n\n\n<p id=\"p-rc_a6c93c336bf820e8-20\">Nous utilisons des cookies pour plusieurs raisons, d\u00e9taill\u00e9es ci-dessous. Malheureusement, dans la plupart des cas, il n&#039;existe pas d&#039;options standard pour d\u00e9sactiver les cookies sans d\u00e9sactiver compl\u00e8tement les fonctionnalit\u00e9s qu&#039;ils offrent.<sup><\/sup>onam a este sit<sup><\/sup>e. Il est recommand\u00e9 de laisser tous les cookies activ\u00e9s si vous n&#039;\u00eates pas s\u00fbr de leur utilit\u00e9, car ils peuvent \u00eatre utilis\u00e9s pour fournir un service que vous utilisez.<\/p>\n\n\n\n<p id=\"p-rc_a6c93c336bf820e8-21\"><strong>D\u00e9sactiver les cookies<\/strong><sup><\/sup><\/p>\n\n\n\n<p id=\"p-rc_a6c93c336bf820e8-21\">Vous pouvez emp\u00eacher l&#039;installation de cookies en modifiant les param\u00e8tres de votre navigateur (consultez l&#039;aide de votre navigateur pour savoir comment proc\u00e9der). Sachez que la d\u00e9sactivation des cookies peut affecter le bon fonctionnement de votre navigateur.<sup><\/sup>La d\u00e9sactivation des cookies affectera le fonctionnement de ce site web et de nombreux autres sites que vous consultez. En g\u00e9n\u00e9ral, certaines fonctionnalit\u00e9s de ce site seront indisponibles. Il est donc recommand\u00e9 de ne pas d\u00e9sactiver les cookies.<\/p>\n\n\n\n<h3 class=\"wp-block-heading\">Cookies que nous utilisons<\/h3>\n\n\n\n<ul class=\"wp-block-list\">\n<li><strong>Cookies li\u00e9s au compte\u00a0:<\/strong> Si vous cr\u00e9ez un compte chez nous, nous utiliserons des cookies pour g\u00e9rer le processus d&#039;inscription et l&#039;administration g\u00e9n\u00e9rale. Ces cookies seront g\u00e9n\u00e9ralement supprim\u00e9s lorsque vous vous d\u00e9connecterez du syst\u00e8me\u00a0; cependant, dans certains cas, ils peuvent \u00eatre conserv\u00e9s afin de m\u00e9moriser vos pr\u00e9f\u00e9rences de site apr\u00e8s votre visite.<\/li>\n\n\n\n<li><strong>Cookies li\u00e9s \u00e0 la connexion\u00a0:<\/strong> Nous utilisons des cookies lorsque vous \u00eates connect\u00e9(e) afin de m\u00e9moriser votre connexion. Cela vous \u00e9vite de devoir vous reconnecter \u00e0 chaque nouvelle page. Ces cookies sont g\u00e9n\u00e9ralement supprim\u00e9s lorsque vous vous d\u00e9connectez, garantissant ainsi que vous ne pouvez acc\u00e9der aux fonctionnalit\u00e9s et zones restreintes que lorsque vous \u00eates connect\u00e9(e).<\/li>\n\n\n\n<li><strong>Cookies li\u00e9s aux newsletters par e-mail\u00a0:<\/strong> Ce site web propose des services d&#039;abonnement \u00e0 une newsletter ou \u00e0 un service de courriel, et des cookies peuvent \u00eatre utilis\u00e9s pour m\u00e9moriser si vous \u00eates d\u00e9j\u00e0 inscrit et pour afficher certaines notifications r\u00e9serv\u00e9es aux utilisateurs inscrits ou non inscrits.<\/li>\n\n\n\n<li><strong>Cookies li\u00e9s au traitement des commandes\u00a0:<\/strong> Ce site web propose des services de commerce \u00e9lectronique et de paiement, et certains cookies sont essentiels pour que votre commande soit m\u00e9moris\u00e9e d&#039;une page \u00e0 l&#039;autre afin que nous puissions la traiter correctement.<\/li>\n\n\n\n<li><strong>Cookies li\u00e9s aux recherches\u00a0:<\/strong> Nous proposons r\u00e9guli\u00e8rement des sondages et des questionnaires afin de fournir des informations int\u00e9ressantes, des outils utiles et de mieux comprendre nos utilisateurs. Ces sondages peuvent utiliser des cookies pour m\u00e9moriser les participants ou pour garantir des r\u00e9sultats pr\u00e9cis m\u00eame apr\u00e8s un changement de page.<\/li>\n\n\n\n<li><strong>Cookies li\u00e9s aux formulaires\u00a0:<\/strong> Lorsque vous soumettez des donn\u00e9es via un formulaire, comme ceux que l&#039;on trouve sur les pages de contact ou les formulaires de commentaires, des cookies peuvent \u00eatre install\u00e9s pour m\u00e9moriser vos informations d&#039;utilisateur en vue de futures correspondances.<\/li>\n\n\n\n<li><strong>Cookies de pr\u00e9f\u00e9rences du site\u00a0:<\/strong> Pour vous offrir une exp\u00e9rience optimale sur ce site, nous vous proposons de personnaliser son fonctionnement selon vos pr\u00e9f\u00e9rences. Afin de m\u00e9moriser ces pr\u00e9f\u00e9rences, nous utilisons des cookies qui nous permettent de les r\u00e9cup\u00e9rer lors de vos prochaines visites sur les pages concern\u00e9es.<\/li>\n<\/ul>\n\n\n\n<h3 class=\"wp-block-heading\">Cookies tiers<\/h3>\n\n\n\n<p id=\"p-rc_a6c93c336bf820e8-27\">Dans certains cas particuliers, nous utilisons \u00e9galement des cookies fournis par des tiers de confiance. La section suivante d\u00e9taille les cookies tiers que vous pourriez rencontrer sur ce site web.<sup><\/sup><\/p>\n\n\n\n<ul class=\"wp-block-list\">\n<li>Ce site utilise <strong>Google Analytics<\/strong>, Google Analytics, l&#039;une des solutions d&#039;analyse les plus r\u00e9pandues et les plus fiables du web, nous aide \u00e0 comprendre comment vous utilisez notre site et comment nous pouvons am\u00e9liorer votre exp\u00e9rience. Ces cookies peuvent suivre des informations telles que la dur\u00e9e de votre visite et les pages consult\u00e9es, ce qui nous permet de continuer \u00e0 proposer un contenu pertinent. Pour plus d&#039;informations sur les cookies de Google Analytics, veuillez consulter la page officielle de Google Analytics.<\/li>\n\n\n\n<li>Des outils d&#039;analyse tiers sont utilis\u00e9s pour suivre et mesurer l&#039;utilisation de ce site afin de nous permettre de continuer \u00e0 proposer un contenu pertinent. Ces cookies peuvent enregistrer des informations telles que la dur\u00e9e de votre visite ou les pages consult\u00e9es, ce qui nous aide \u00e0 comprendre comment am\u00e9liorer le site pour vous.<\/li>\n\n\n\n<li>Nous testons r\u00e9guli\u00e8rement de nouvelles fonctionnalit\u00e9s et apportons des modifications mineures \u00e0 l&#039;apparence du site. Lors de ces tests, ces cookies peuvent \u00eatre utilis\u00e9s pour vous garantir une exp\u00e9rience utilisateur coh\u00e9rente et pour identifier les optimisations les plus appr\u00e9ci\u00e9es.<\/li>\n\n\n\n<li>Comme nous vendons des produits, il est important de comprendre les statistiques relatives au nombre de visiteurs de notre site web qui effectuent un achat. C&#039;est pr\u00e9cis\u00e9ment le type de donn\u00e9es que ces cookies permettent de suivre. Ces informations sont importantes pour vous car elles nous permettent d&#039;\u00e9tablir des pr\u00e9visions commerciales pr\u00e9cises, d&#039;analyser nos co\u00fbts publicitaires et de production, et ainsi de vous proposer le meilleur prix possible.<\/li>\n<\/ul>\n\n\n\n<h2 class=\"wp-block-heading\">Engagement de l&#039;utilisateur<\/h2>\n\n\n\n<p>L&#039;utilisateur s&#039;engage \u00e0 faire un usage appropri\u00e9 du contenu et des informations que Finance Belive Digital propose sur le site web et, \u00e0 titre d&#039;exemple non exhaustif\u00a0:<\/p>\n\n\n\n<p>A) Ne pas se livrer \u00e0 des activit\u00e9s ill\u00e9gales ou contraires \u00e0 la bonne foi et \u00e0 l\u2019ordre public ;<\/p>\n\n\n\n<p>B) Ne pas diffuser de propagande ou de contenu \u00e0 caract\u00e8re raciste ou x\u00e9nophobe, li\u00e9 aux jeux de hasard, \u00e0 tout type de pornographie ill\u00e9gale, ou \u00e0 l\u2019incitation au terrorisme ou aux violations des droits de l\u2019homme ;<\/p>\n\n\n\n<p>C) Ne pas causer de dommages aux syst\u00e8mes physiques (mat\u00e9riel) et logiques (logiciel) de Finance Belive Digital, de ses fournisseurs ou de tiers, en introduisant ou en diffusant des virus informatiques ou tout autre syst\u00e8me mat\u00e9riel ou logiciel capable de causer les dommages susmentionn\u00e9s.<\/p>\n\n\n\n<h3 class=\"wp-block-heading\">Bloquer les cookies\u00a0:<\/h3>\n\n\n\n<p>Les utilisateurs peuvent bloquer et\/ou d\u00e9sactiver les cookies de n&#039;importe quel site web, y compris le n\u00f4tre, \u00e0 tout moment. Pour ce faire, acc\u00e9dez aux param\u00e8tres de votre navigateur. Consultez les guides d&#039;aide des principaux navigateurs ci-dessous\u00a0:<\/p>\n\n\n\n<ul class=\"wp-block-list\">\n<li>Google Chrome<\/li>\n\n\n\n<li>Firefox<\/li>\n\n\n\n<li>Microsoft Edge<\/li>\n\n\n\n<li>Op\u00e9ra<\/li>\n\n\n\n<li>Safari<\/li>\n<\/ul>\n\n\n\n<h2 class=\"wp-block-heading\">Plus d&#039;informations<\/h2>\n\n\n\n<p>Nous esp\u00e9rons que cela est clair et, comme mentionn\u00e9 pr\u00e9c\u00e9demment, en cas de doute sur la n\u00e9cessit\u00e9 d&#039;activer ou non les cookies, il est g\u00e9n\u00e9ralement plus s\u00fbr de les laisser activ\u00e9s si vous interagissez avec l&#039;une des fonctionnalit\u00e9s de notre site web. <strong>finance.belivedigital.com<\/strong>.<\/p>\n\n\n\n<p>Cette politique entre en vigueur \u00e0 compter de <strong>Mars 2024<\/strong>.<\/p>\n<\/body><\/html>","protected":false},"excerpt":{"rendered":"<p>Pol\u00edtica de Privacidade Levamos a sua privacidade a s\u00e9rio. Na Finance Belive Digital, estamos comprometidos em proteger a sua privacidade em todas as informa\u00e7\u00f5es que possam ser coletadas em nosso site e em quaisquer outros sites sob nossa gest\u00e3o. Coletamos dados pessoais apenas quando \u00e9 estritamente necess\u00e1rio para lhe fornecer nossos servi\u00e7os. Este processo \u00e9 [&hellip;]<\/p>\n","protected":false},"author":1,"featured_media":0,"parent":0,"menu_order":0,"comment_status":"closed","ping_status":"open","template":"","meta":{"footnotes":""},"class_list":["post-3","page","type-page","status-publish","hentry"],"_links":{"self":[{"href":"https:\/\/belivefinance.chatactio.com\/fr\/wp-json\/wp\/v2\/pages\/3","targetHints":{"allow":["GET"]}}],"collection":[{"href":"https:\/\/belivefinance.chatactio.com\/fr\/wp-json\/wp\/v2\/pages"}],"about":[{"href":"https:\/\/belivefinance.chatactio.com\/fr\/wp-json\/wp\/v2\/types\/page"}],"author":[{"embeddable":true,"href":"https:\/\/belivefinance.chatactio.com\/fr\/wp-json\/wp\/v2\/users\/1"}],"replies":[{"embeddable":true,"href":"https:\/\/belivefinance.chatactio.com\/fr\/wp-json\/wp\/v2\/comments?post=3"}],"version-history":[{"count":3,"href":"https:\/\/belivefinance.chatactio.com\/fr\/wp-json\/wp\/v2\/pages\/3\/revisions"}],"predecessor-version":[{"id":191,"href":"https:\/\/belivefinance.chatactio.com\/fr\/wp-json\/wp\/v2\/pages\/3\/revisions\/191"}],"wp:attachment":[{"href":"https:\/\/belivefinance.chatactio.com\/fr\/wp-json\/wp\/v2\/media?parent=3"}],"curies":[{"name":"wp","href":"https:\/\/api.w.org\/{rel}","templated":true}]}}