{"id":28,"date":"2025-12-18T13:51:11","date_gmt":"2025-12-18T13:51:11","guid":{"rendered":"https:\/\/finance.belivedigital.com\/?page_id=28"},"modified":"2026-04-24T18:06:37","modified_gmt":"2026-04-24T18:06:37","slug":"termos-e-condicoes","status":"publish","type":"page","link":"https:\/\/belivefinance.chatactio.com\/fr\/termos-e-condicoes\/","title":{"rendered":"Termes et conditions"},"content":{"rendered":"<html><body><p>Bienvenue sur Finance Belive Digital. En acc\u00e9dant \u00e0 notre site web \u00e0 <strong><a href=\"https:\/\/finance.belivedigital.com\/\" target=\"_blank\" rel=\"noreferrer noopener\">https:\/\/finance.belivedigital.com<\/a><\/strong>, En utilisant ce site web, vous acceptez de vous conformer aux conditions g\u00e9n\u00e9rales suivantes et d&#039;y \u00eatre li\u00e9. Si vous n&#039;acceptez pas l&#039;une quelconque de ces conditions, veuillez ne pas utiliser notre site web.<\/p>\n\n\n\n<h3 class=\"wp-block-heading\">1. Utilisation du site<\/h3>\n\n\n\n<p>Vous acceptez d&#039;utiliser ce site uniquement \u00e0 des fins licites et d&#039;une mani\u00e8re qui ne porte pas atteinte aux droits d&#039;autrui, ne restreint pas et n&#039;emp\u00eache pas l&#039;utilisation et la jouissance du site par toute autre personne.<\/p>\n\n\n\n<h3 class=\"wp-block-heading\">2. Propri\u00e9t\u00e9 intellectuelle<\/h3>\n\n\n\n<p>L&#039;ensemble du contenu publi\u00e9 sur ce site Web, y compris les textes, graphiques, logos, images et autres \u00e9l\u00e9ments, est la propri\u00e9t\u00e9 de Finance Belive Digital ou de ses fournisseurs de contenu et est prot\u00e9g\u00e9 par les lois internationales sur le droit d&#039;auteur.<\/p>\n\n\n\n<p>Vous n&#039;\u00eates pas autoris\u00e9 \u00e0 reproduire, distribuer ou exploiter tout contenu sans notre autorisation \u00e9crite explicite.<\/p>\n\n\n\n<h3 class=\"wp-block-heading\">3. Exclusion de responsabilit\u00e9<\/h3>\n\n\n\n<p>Les informations fournies sur ce site web sont uniquement destin\u00e9es \u00e0 des fins d&#039;information g\u00e9n\u00e9rale. Bien que nous nous efforcions de maintenir l&#039;exactitude et l&#039;actualit\u00e9 du contenu, Finance Belive Digital n&#039;offre aucune garantie ni ne fait aucune d\u00e9claration quant \u00e0 l&#039;exhaustivit\u00e9, l&#039;exactitude ou la fiabilit\u00e9 de ce contenu.<\/p>\n\n\n\n<p>Toute action que vous entreprenez sur la base des informations contenues sur ce site web est strictement \u00e0 vos propres risques.<\/p>\n\n\n\n<h3 class=\"wp-block-heading\">4. Limitation de responsabilit\u00e9<\/h3>\n\n\n\n<p>Finance Believe Digital ne sera pas responsable des pertes et\/ou dommages li\u00e9s \u00e0 l&#039;utilisation de notre site web.<\/p>\n\n\n\n<h3 class=\"wp-block-heading\">5. Liens vers d&#039;autres sites<\/h3>\n\n\n\n<p>Notre site web peut contenir des liens vers des sites externes qui ne sont pas exploit\u00e9s par nous. Nous n&#039;avons aucun contr\u00f4le sur le contenu et les pratiques de ces sites et d\u00e9clinons toute responsabilit\u00e9 quant \u00e0 leurs politiques de confidentialit\u00e9 et conditions d&#039;utilisation respectives.<\/p>\n\n\n\n<h3 class=\"wp-block-heading\">6. Modifications des pr\u00e9sentes conditions<\/h3>\n\n\n\n<p>Nous nous r\u00e9servons le droit de modifier les pr\u00e9sentes Conditions d&#039;utilisation \u00e0 tout moment. Toute modification entrera en vigueur d\u00e8s sa publication sur cette page. Nous vous invitons \u00e0 consulter r\u00e9guli\u00e8rement cette page afin de prendre connaissance des \u00e9ventuelles modifications.<\/p>\n\n\n\n<h3 class=\"wp-block-heading\">7. Droit applicable<\/h3>\n\n\n\n<p>Les pr\u00e9sentes conditions g\u00e9n\u00e9rales sont r\u00e9gies et interpr\u00e9t\u00e9es conform\u00e9ment aux lois de la juridiction dans laquelle Finance Belive Digital exerce ses activit\u00e9s, sans \u00e9gard \u00e0 ses dispositions relatives aux conflits de lois.<\/p>\n\n\n\n<h3 class=\"wp-block-heading\">8. Contact<\/h3>\n\n\n\n<p>Si vous avez des questions concernant ces conditions d&#039;utilisation, veuillez nous contacter\u00a0:<\/p>\n\n\n\n<p>\ud83d\udce7 Courriel\u00a0: contato@finance.belivedigital.com<\/p>\n<\/body><\/html>","protected":false},"excerpt":{"rendered":"<p>Bem-vindo \u00e0 Finance Belive Digital. Ao acessar nosso site em https:\/\/finance.belivedigital.com, voc\u00ea concorda em cumprir e estar vinculado aos seguintes termos e condi\u00e7\u00f5es. Se voc\u00ea discordar de qualquer parte destes termos, por favor, n\u00e3o utilize nosso site. 1. Uso do Site Voc\u00ea concorda em usar este site apenas para fins l\u00edcitos e de uma forma [&hellip;]<\/p>\n","protected":false},"author":2,"featured_media":0,"parent":0,"menu_order":0,"comment_status":"closed","ping_status":"closed","template":"","meta":{"footnotes":""},"class_list":["post-28","page","type-page","status-publish","hentry"],"_links":{"self":[{"href":"https:\/\/belivefinance.chatactio.com\/fr\/wp-json\/wp\/v2\/pages\/28","targetHints":{"allow":["GET"]}}],"collection":[{"href":"https:\/\/belivefinance.chatactio.com\/fr\/wp-json\/wp\/v2\/pages"}],"about":[{"href":"https:\/\/belivefinance.chatactio.com\/fr\/wp-json\/wp\/v2\/types\/page"}],"author":[{"embeddable":true,"href":"https:\/\/belivefinance.chatactio.com\/fr\/wp-json\/wp\/v2\/users\/2"}],"replies":[{"embeddable":true,"href":"https:\/\/belivefinance.chatactio.com\/fr\/wp-json\/wp\/v2\/comments?post=28"}],"version-history":[{"count":3,"href":"https:\/\/belivefinance.chatactio.com\/fr\/wp-json\/wp\/v2\/pages\/28\/revisions"}],"predecessor-version":[{"id":194,"href":"https:\/\/belivefinance.chatactio.com\/fr\/wp-json\/wp\/v2\/pages\/28\/revisions\/194"}],"wp:attachment":[{"href":"https:\/\/belivefinance.chatactio.com\/fr\/wp-json\/wp\/v2\/media?parent=28"}],"curies":[{"name":"wp","href":"https:\/\/api.w.org\/{rel}","templated":true}]}}