{"id":23,"date":"2025-12-18T13:43:07","date_gmt":"2025-12-18T13:43:07","guid":{"rendered":"https:\/\/finance.belivedigital.com\/?page_id=23"},"modified":"2025-12-18T13:43:07","modified_gmt":"2025-12-18T13:43:07","slug":"sobre-nos","status":"publish","type":"page","link":"https:\/\/belivefinance.chatactio.com\/fr\/sobre-nos\/","title":{"rendered":"\u00c0 propos de nous"},"content":{"rendered":"<html><body><p>D\u00e9couvrez finance.belivedigital\u00a0! Nous sommes un portail d\u00e9di\u00e9 \u00e0 l\u2019information financi\u00e8re et aux conseils pratiques. Notre engagement\u00a0: vous fournir des informations fiables et actualis\u00e9es, issues de sources s\u00e9curis\u00e9es, pour que vous soyez toujours au courant de tout. Suivez notre contenu et restez inform\u00e9(e) de l\u2019actualit\u00e9 du monde num\u00e9rique\u00a0!<\/p>\n\n\n\n<p>Bienvenue sur finance.belivedigital !<\/p>\n<\/body><\/html>","protected":false},"excerpt":{"rendered":"<p>Conhe\u00e7a o finance.belivedigital! Somos um portal dedicado a fornecer informa\u00e7\u00f5es sobre finan\u00e7as e diversas dicas. Nosso compromisso \u00e9 entregar not\u00edcias confi\u00e1veis \u200b\u200be atualizadas, diretamente das fontes mais seguras, para que voc\u00ea esteja sempre bem informado. Acompanhe nosso conte\u00fado e fique por dentro de tudo o que \u00e9 relevante no mundo digital! Bem-vindo ao finance.belivedigital!<\/p>","protected":false},"author":2,"featured_media":0,"parent":0,"menu_order":0,"comment_status":"closed","ping_status":"closed","template":"","meta":{"footnotes":""},"class_list":["post-23","page","type-page","status-publish","hentry"],"_links":{"self":[{"href":"https:\/\/belivefinance.chatactio.com\/fr\/wp-json\/wp\/v2\/pages\/23","targetHints":{"allow":["GET"]}}],"collection":[{"href":"https:\/\/belivefinance.chatactio.com\/fr\/wp-json\/wp\/v2\/pages"}],"about":[{"href":"https:\/\/belivefinance.chatactio.com\/fr\/wp-json\/wp\/v2\/types\/page"}],"author":[{"embeddable":true,"href":"https:\/\/belivefinance.chatactio.com\/fr\/wp-json\/wp\/v2\/users\/2"}],"replies":[{"embeddable":true,"href":"https:\/\/belivefinance.chatactio.com\/fr\/wp-json\/wp\/v2\/comments?post=23"}],"version-history":[{"count":1,"href":"https:\/\/belivefinance.chatactio.com\/fr\/wp-json\/wp\/v2\/pages\/23\/revisions"}],"predecessor-version":[{"id":24,"href":"https:\/\/belivefinance.chatactio.com\/fr\/wp-json\/wp\/v2\/pages\/23\/revisions\/24"}],"wp:attachment":[{"href":"https:\/\/belivefinance.chatactio.com\/fr\/wp-json\/wp\/v2\/media?parent=23"}],"curies":[{"name":"wp","href":"https:\/\/api.w.org\/{rel}","templated":true}]}}