{"id":19,"date":"2025-12-18T13:29:22","date_gmt":"2025-12-18T13:29:22","guid":{"rendered":"https:\/\/finance.belivedigital.com\/?page_id=19"},"modified":"2026-04-24T17:54:22","modified_gmt":"2026-04-24T17:54:22","slug":"contato","status":"publish","type":"page","link":"https:\/\/belivefinance.chatactio.com\/fr\/contato\/","title":{"rendered":"Contact"},"content":{"rendered":"<html><body><p>Nous serions ravis d&#039;avoir de vos nouvelles ! Que vous ayez des questions sur notre contenu, des suggestions, que vous souhaitiez explorer des opportunit\u00e9s de partenariat ou que vous vouliez simplement nous saluer, n&#039;h\u00e9sitez pas \u00e0 nous contacter.<\/p>\n\n\n\n<p>\ud83d\udce7 Courriel<\/p>\n\n\n\n<p>Vous pouvez nous contacter \u00e0 tout moment \u00e0 l&#039;adresse suivante\u00a0:<br>contato@finance.belivedigital.com<\/p>\n\n\n\n<p>Nous r\u00e9pondons le plus rapidement possible en semaine, du lundi au vendredi, de 8h \u00e0 18h.<\/p>\n\n\n\n<p>\ud83c\udf0d Adresse<\/p>\n\n\n\n<p>Croire au num\u00e9rique<br>https:\/\/finance.belivedigital.com<\/p>\n<\/body><\/html>","protected":false},"excerpt":{"rendered":"<p>Adorar\u00edamos ouvir de voc\u00ea! Seja para tirar d\u00favidas sobre nosso conte\u00fado, dar sugest\u00f5es, explorar oportunidades de parceria ou simplesmente dizer ol\u00e1, entre em contato. \ud83d\udce7 E-mail Voc\u00ea pode nos contatar a qualquer momento pelo endere\u00e7o:contato@finance.belivedigital.com Respondemos o mais r\u00e1pido poss\u00edvel em dias \u00fateis, de segunda a sexta, das 8h \u00e0s 18h. \ud83c\udf0d Endere\u00e7o Belive Digitalhttps:\/\/finance.belivedigital.com<\/p>","protected":false},"author":2,"featured_media":0,"parent":0,"menu_order":0,"comment_status":"closed","ping_status":"closed","template":"","meta":{"footnotes":""},"class_list":["post-19","page","type-page","status-publish","hentry"],"_links":{"self":[{"href":"https:\/\/belivefinance.chatactio.com\/fr\/wp-json\/wp\/v2\/pages\/19","targetHints":{"allow":["GET"]}}],"collection":[{"href":"https:\/\/belivefinance.chatactio.com\/fr\/wp-json\/wp\/v2\/pages"}],"about":[{"href":"https:\/\/belivefinance.chatactio.com\/fr\/wp-json\/wp\/v2\/types\/page"}],"author":[{"embeddable":true,"href":"https:\/\/belivefinance.chatactio.com\/fr\/wp-json\/wp\/v2\/users\/2"}],"replies":[{"embeddable":true,"href":"https:\/\/belivefinance.chatactio.com\/fr\/wp-json\/wp\/v2\/comments?post=19"}],"version-history":[{"count":2,"href":"https:\/\/belivefinance.chatactio.com\/fr\/wp-json\/wp\/v2\/pages\/19\/revisions"}],"predecessor-version":[{"id":189,"href":"https:\/\/belivefinance.chatactio.com\/fr\/wp-json\/wp\/v2\/pages\/19\/revisions\/189"}],"wp:attachment":[{"href":"https:\/\/belivefinance.chatactio.com\/fr\/wp-json\/wp\/v2\/media?parent=19"}],"curies":[{"name":"wp","href":"https:\/\/api.w.org\/{rel}","templated":true}]}}