{"id":3,"date":"2025-12-17T14:21:23","date_gmt":"2025-12-17T14:21:23","guid":{"rendered":"https:\/\/finance.belivedigital.com\/?page_id=3"},"modified":"2026-04-24T18:00:56","modified_gmt":"2026-04-24T18:00:56","slug":"privacy-policy","status":"publish","type":"page","link":"https:\/\/belivefinance.chatactio.com\/ar\/privacy-policy\/","title":{"rendered":"\u0633\u064a\u0627\u0633\u0629 \u0627\u0644\u062e\u0635\u0648\u0635\u064a\u0629"},"content":{"rendered":"<html><body><h2 class=\"wp-block-heading\">\u0633\u064a\u0627\u0633\u0629 \u0627\u0644\u062e\u0635\u0648\u0635\u064a\u0629<\/h2>\n\n\n\n<p>Levamos a sua privacidade a s\u00e9rio. Na Finance Belive Digital, estamos comprometidos em proteger a sua privacidade em todas as informa\u00e7\u00f5es que possam ser coletadas em nosso site e em quaisquer outros sites sob nossa gest\u00e3o.<\/p>\n\n\n\n<p>Coletamos dados pessoais apenas quando \u00e9 estritamente necess\u00e1rio para lhe fornecer nossos servi\u00e7os. Este processo \u00e9 realizado de forma justa e com total transpar\u00eancia, sempre com o seu consentimento informado. Al\u00e9m disso, explicamos os motivos da coleta e o uso que ser\u00e1 feito das informa\u00e7\u00f5es.<\/p>\n\n\n\n<p>Retemos os dados coletados apenas pelo tempo necess\u00e1rio para cumprir o servi\u00e7o solicitado. Utilizamos medidas de seguran\u00e7a padr\u00e3o comercial para proteger os dados armazenados contra qualquer tipo de perda, roubo, acesso n\u00e3o autorizado, divulga\u00e7\u00e3o indevida, c\u00f3pia ou altera\u00e7\u00e3o.<\/p>\n\n\n\n<p>N\u00e3o divulgamos seus dados pessoais publicamente ou a terceiros, a menos que exigido por obriga\u00e7\u00f5es legais.<\/p>\n\n\n\n<p>Nosso site pode conter links para sites externos que est\u00e3o fora do nosso controle. Esteja ciente de que n\u00e3o somos respons\u00e1veis pelas pol\u00edticas de privacidade ou pelo conte\u00fado desses sites externos.<\/p>\n\n\n\n<p>Voc\u00ea tem todo o direito de recusar o fornecimento de seus dados pessoais, embora isso possa limitar nossa capacidade de lhe fornecer certos servi\u00e7os.<\/p>\n\n\n\n<p>A continuidade do uso do nosso site implica sua concord\u00e2ncia com nossas pol\u00edticas de prote\u00e7\u00e3o de privacidade e processamento de informa\u00e7\u00f5es pessoais. Para qualquer d\u00favida sobre como suas informa\u00e7\u00f5es s\u00e3o gerenciadas, n\u00e3o hesite em nos contatar.<\/p>\n\n\n\n<h3 class=\"wp-block-heading\">Seguran\u00e7a do Website Finance Belive Digital<\/h3>\n\n\n\n<p>O site \u00e9 confi\u00e1vel e seguro para o usu\u00e1rio, conforme informado pelo Website Check. A p\u00e1gina verifica as informa\u00e7\u00f5es do site para identificar poss\u00edveis problemas de seguran\u00e7a.<\/p>\n\n\n\n<h2 class=\"wp-block-heading\">Pol\u00edtica de Cookies Finance Belive Digital<\/h2>\n\n\n\n<p id=\"p-rc_a6c93c336bf820e8-19\"><strong>O que s\u00e3o cookies?<\/strong><\/p>\n\n\n\n<p id=\"p-rc_a6c93c336bf820e8-19\">Como \u00e9 pr\u00e1tica comum em quase todos os sites profissionais, este site usa cookies, que s\u00e3o pequenos arquivos baixados no seu computador, para melhorar sua experi\u00eancia. Esta p\u00e1gina descreve quais informa\u00e7\u00f5es eles cole<sup><\/sup>tam, como as usamos e por que \u00e0s vezes precisamos armazenar esses cookies. Tamb\u00e9m compartilharemos como voc\u00ea pode <sup><\/sup>evitar que esses cookies sejam armazenados, no entanto, isso pode reduzir ou \u201cquebrar\u201d certos elementos da funcionalidade do site.<\/p>\n\n\n\n<p id=\"p-rc_a6c93c336bf820e8-20\"><strong>Como usamos os cookies?<\/strong><\/p>\n\n\n\n<p id=\"p-rc_a6c93c336bf820e8-20\">Utilizamos cookies por v\u00e1rios motivos, detalhados abaixo. Infelizmente, na maioria dos casos, n\u00e3o existem op\u00e7\u00f5es padr\u00e3o do setor para desativar os cookies sem desativar completamente a funcionalidade e os recursos que eles adici<sup><\/sup>onam a este sit<sup><\/sup>e. Recomenda-se que voc\u00ea deixe todos os cookies se n\u00e3o tiver certeza se precisa deles ou n\u00e3o, caso sejam usados para fornecer um servi\u00e7o que voc\u00ea utiliza.<\/p>\n\n\n\n<p id=\"p-rc_a6c93c336bf820e8-21\"><strong>Desativar cookies<\/strong><sup><\/sup><\/p>\n\n\n\n<p id=\"p-rc_a6c93c336bf820e8-21\">Voc\u00ea pode evitar a configura\u00e7\u00e3o de cookies ajustando as configura\u00e7\u00f5es do seu navegador (consulte a Ajuda do seu navegador para saber como fazer isso). Esteja ciente de que a desativa\u00e7\u00e3o de cookies a<sup><\/sup>fetar\u00e1 a funcionalidade deste e de muitos outros sites que voc\u00ea visita. A desativa\u00e7\u00e3o de cookies geralmente resultar\u00e1 na desativa\u00e7\u00e3o de certos recursos e funcionalidades deste site. Portanto, recomenda-se que voc\u00ea n\u00e3o desative os cookies.<\/p>\n\n\n\n<h3 class=\"wp-block-heading\">Cookies que definimos<\/h3>\n\n\n\n<ul class=\"wp-block-list\">\n<li><strong>Cookies Relacionados \u00e0 Conta:<\/strong> Se voc\u00ea criar uma conta conosco, usaremos cookies para gerenciar o processo de inscri\u00e7\u00e3o e a administra\u00e7\u00e3o geral. Esses cookies geralmente ser\u00e3o exclu\u00eddos quando voc\u00ea sair do sistema, por\u00e9m, em alguns casos, eles podem permanecer posteriormente para lembrar suas prefer\u00eancias do site ao sair.<\/li>\n\n\n\n<li><strong>Cookies Relacionados ao Login:<\/strong> Utilizamos cookies quando voc\u00ea est\u00e1 logado para que possamos lembrar dessa a\u00e7\u00e3o. Isso evita que voc\u00ea precise fazer login toda vez que visitar uma nova p\u00e1gina. Esses cookies s\u00e3o normalmente removidos ou limpos quando voc\u00ea sai para garantir que voc\u00ea possa acessar apenas recursos e \u00e1reas restritas ao fazer login.<\/li>\n\n\n\n<li><strong>Cookies Relacionados a Newsletters por E-mail:<\/strong> Este site oferece servi\u00e7os de assinatura de boletins informativos ou e-mail e os cookies podem ser usados para lembr\u00e1-lo se voc\u00ea j\u00e1 est\u00e1 registrado e se deve mostrar certas notifica\u00e7\u00f5es v\u00e1lidas apenas para usu\u00e1rios registrados\/n\u00e3o inscritos.<\/li>\n\n\n\n<li><strong>Cookies Relacionados ao Processamento de Pedidos:<\/strong> Este site oferece facilidades de com\u00e9rcio eletr\u00f4nico ou pagamento e alguns cookies s\u00e3o essenciais para garantir que seu pedido seja lembrado entre as p\u00e1ginas para que possamos process\u00e1-lo adequadamente.<\/li>\n\n\n\n<li><strong>Cookies Relacionados a Pesquisas:<\/strong> Periodicamente, oferecemos pesquisas e question\u00e1rios para fornecer informa\u00e7\u00f5es interessantes, ferramentas \u00fateis ou para entender nossa base de usu\u00e1rios com mais precis\u00e3o. Essas pesquisas podem usar cookies para lembrar quem j\u00e1 participou de uma pesquisa ou para fornecer resultados precisos ap\u00f3s a mudan\u00e7a de p\u00e1ginas.<\/li>\n\n\n\n<li><strong>Cookies Relacionados a Formul\u00e1rios:<\/strong> Quando voc\u00ea envia dados por meio de um formul\u00e1rio, como os encontrados nas p\u00e1ginas de contato ou formul\u00e1rios de feedback, os cookies podem ser configurados para lembrar os detalhes do usu\u00e1rio para correspond\u00eancia futura.<\/li>\n\n\n\n<li><strong>Cookies de Prefer\u00eancias do Site:<\/strong> Para proporcionar uma \u00f3tima experi\u00eancia neste site, fornecemos a funcionalidade para definir suas prefer\u00eancias de como este site funciona quando voc\u00ea o utiliza. Para lembrar suas prefer\u00eancias, precisamos definir cookies para que essas informa\u00e7\u00f5es possam ser chamadas sempre que voc\u00ea interagir com uma p\u00e1gina que seja afetada por suas prefer\u00eancias.<\/li>\n<\/ul>\n\n\n\n<h3 class=\"wp-block-heading\">Cookies de Terceiros<\/h3>\n\n\n\n<p id=\"p-rc_a6c93c336bf820e8-27\">Em alguns casos especiais, tamb\u00e9m usamos cookies fornecidos por terceiros confi\u00e1veis. A se\u00e7\u00e3o a seguir detalha quais cookies de terceiros voc\u00ea pode encontrar atrav\u00e9s deste site.<sup><\/sup><\/p>\n\n\n\n<ul class=\"wp-block-list\">\n<li>Este site usa o <strong>Google Analytics<\/strong>, que \u00e9 uma das solu\u00e7\u00f5es de an\u00e1lise mais difundidas e confi\u00e1veis na web, para nos ajudar a entender como voc\u00ea usa o site e como podemos melhorar sua experi\u00eancia. Esses cookies podem rastrear itens como quanto tempo voc\u00ea passa no site e quais p\u00e1ginas visita, para que possamos continuar produzindo conte\u00fado atraente. Para mais informa\u00e7\u00f5es sobre cookies do Google Analytics, consulte a p\u00e1gina oficial do Google Analytics.<\/li>\n\n\n\n<li>An\u00e1lises de terceiros s\u00e3o usadas para rastrear e medir o uso deste site, para que possamos continuar produzindo conte\u00fado envolvente. Esses cookies podem rastrear itens como o tempo que voc\u00ea passa no site ou as p\u00e1ginas que visita, o que nos ajuda a entender como podemos melhorar o site para voc\u00ea.<\/li>\n\n\n\n<li>Periodicamente, testamos novos recursos e fazemos altera\u00e7\u00f5es sutis na apar\u00eancia do site. Quando ainda estamos testando novos recursos, esses cookies podem ser usados para garantir que voc\u00ea receba uma experi\u00eancia consistente enquanto estiver no site, entendendo quais otimiza\u00e7\u00f5es nossos usu\u00e1rios mais apreciam.<\/li>\n\n\n\n<li>\u00c0 medida que vendemos produtos, \u00e9 importante entender as estat\u00edsticas sobre quantos visitantes de nosso site realmente compram e, portanto, esse \u00e9 o tipo de dados que esses cookies rastrear\u00e3o. Isso \u00e9 importante para voc\u00ea, pois significa que podemos fazer previs\u00f5es de neg\u00f3cios precisas que nos permitem analisar nossos custos de publicidade e produtos para garantir o melhor pre\u00e7o poss\u00edvel.<\/li>\n<\/ul>\n\n\n\n<h2 class=\"wp-block-heading\">Compromisso do Usu\u00e1rio<\/h2>\n\n\n\n<p>O usu\u00e1rio compromete-se a fazer uso adequado dos conte\u00fados e informa\u00e7\u00f5es que a Finance Belive Digital oferece no site e, a t\u00edtulo enunciativo mas n\u00e3o limitativo:<\/p>\n\n\n\n<p>A) N\u00e3o se envolver em atividades que sejam ilegais ou contr\u00e1rias \u00e0 boa f\u00e9 e \u00e0 ordem p\u00fablica;<\/p>\n\n\n\n<p>B) N\u00e3o divulgar propaganda ou conte\u00fado de natureza racista, xenof\u00f3bica, casas de apostas, jogos de sorte e azar, qualquer tipo de pornografia ilegal, apologia ao terrorismo ou contra os direitos humanos;<\/p>\n\n\n\n<p>C) N\u00e3o causar danos aos sistemas f\u00edsicos (hardware) e l\u00f3gicos (software) da Finance Belive Digital, de seus fornecedores ou terceiros, para introduzir ou disseminar v\u00edrus de computador ou quaisquer outros sistemas de hardware ou software que sejam capazes de causar os danos anteriormente mencionados.<\/p>\n\n\n\n<h3 class=\"wp-block-heading\">Bloquear cookies:<\/h3>\n\n\n\n<p>O usu\u00e1rio pode bloquear e\/ou desativar os cookies de qualquer site, inclusive o nosso, a qualquer momento. Para realizar este procedimento, acesse as configura\u00e7\u00f5es do seu navegador. Veja os guias de ajuda para os principais navegadores abaixo:<\/p>\n\n\n\n<ul class=\"wp-block-list\">\n<li>Google Chrome<\/li>\n\n\n\n<li>Firefox<\/li>\n\n\n\n<li>Microsoft Edge<\/li>\n\n\n\n<li>Opera<\/li>\n\n\n\n<li>Safari<\/li>\n<\/ul>\n\n\n\n<h2 class=\"wp-block-heading\">Mais informa\u00e7\u00f5es<\/h2>\n\n\n\n<p>Esperamos que esteja esclarecido e, como mencionado anteriormente, se houver algo que voc\u00ea n\u00e3o tem certeza se precisa ou n\u00e3o, geralmente \u00e9 mais seguro deixar os cookies ativados caso voc\u00ea interaja com um dos recursos que utiliza em nosso site <strong>finance.belivedigital.com<\/strong>.<\/p>\n\n\n\n<p>Esta pol\u00edtica \u00e9 eficaz a partir de <strong>Mar\/2024<\/strong>.<\/p>\n<\/body><\/html>","protected":false},"excerpt":{"rendered":"<p>Pol\u00edtica de Privacidade Levamos a sua privacidade a s\u00e9rio. Na Finance Belive Digital, estamos comprometidos em proteger a sua privacidade em todas as informa\u00e7\u00f5es que possam ser coletadas em nosso site e em quaisquer outros sites sob nossa gest\u00e3o. Coletamos dados pessoais apenas quando \u00e9 estritamente necess\u00e1rio para lhe fornecer nossos servi\u00e7os. Este processo \u00e9 [&hellip;]<\/p>\n","protected":false},"author":1,"featured_media":0,"parent":0,"menu_order":0,"comment_status":"closed","ping_status":"open","template":"","meta":{"footnotes":""},"class_list":["post-3","page","type-page","status-publish","hentry"],"_links":{"self":[{"href":"https:\/\/belivefinance.chatactio.com\/ar\/wp-json\/wp\/v2\/pages\/3","targetHints":{"allow":["GET"]}}],"collection":[{"href":"https:\/\/belivefinance.chatactio.com\/ar\/wp-json\/wp\/v2\/pages"}],"about":[{"href":"https:\/\/belivefinance.chatactio.com\/ar\/wp-json\/wp\/v2\/types\/page"}],"author":[{"embeddable":true,"href":"https:\/\/belivefinance.chatactio.com\/ar\/wp-json\/wp\/v2\/users\/1"}],"replies":[{"embeddable":true,"href":"https:\/\/belivefinance.chatactio.com\/ar\/wp-json\/wp\/v2\/comments?post=3"}],"version-history":[{"count":3,"href":"https:\/\/belivefinance.chatactio.com\/ar\/wp-json\/wp\/v2\/pages\/3\/revisions"}],"predecessor-version":[{"id":191,"href":"https:\/\/belivefinance.chatactio.com\/ar\/wp-json\/wp\/v2\/pages\/3\/revisions\/191"}],"wp:attachment":[{"href":"https:\/\/belivefinance.chatactio.com\/ar\/wp-json\/wp\/v2\/media?parent=3"}],"curies":[{"name":"wp","href":"https:\/\/api.w.org\/{rel}","templated":true}]}}