{"id":23,"date":"2025-12-18T13:43:07","date_gmt":"2025-12-18T13:43:07","guid":{"rendered":"https:\/\/finance.belivedigital.com\/?page_id=23"},"modified":"2025-12-18T13:43:07","modified_gmt":"2025-12-18T13:43:07","slug":"sobre-nos","status":"publish","type":"page","link":"https:\/\/belivefinance.chatactio.com\/ar\/sobre-nos\/","title":{"rendered":"\u0645\u0639\u0644\u0648\u0645\u0627\u062a \u0639\u0646\u0627"},"content":{"rendered":"<html><body><p>Conhe\u00e7a o finance.belivedigital! Somos um portal dedicado a fornecer informa\u00e7\u00f5es sobre finan\u00e7as e diversas dicas. Nosso compromisso \u00e9 entregar not\u00edcias confi\u00e1veis \u200b\u200be atualizadas, diretamente das fontes mais seguras, para que voc\u00ea esteja sempre bem informado. Acompanhe nosso conte\u00fado e fique por dentro de tudo o que \u00e9 relevante no mundo digital!<\/p>\n\n\n\n<p>Bem-vindo ao finance.belivedigital!<\/p>\n<\/body><\/html>","protected":false},"excerpt":{"rendered":"<p>Conhe\u00e7a o finance.belivedigital! Somos um portal dedicado a fornecer informa\u00e7\u00f5es sobre finan\u00e7as e diversas dicas. Nosso compromisso \u00e9 entregar not\u00edcias confi\u00e1veis \u200b\u200be atualizadas, diretamente das fontes mais seguras, para que voc\u00ea esteja sempre bem informado. Acompanhe nosso conte\u00fado e fique por dentro de tudo o que \u00e9 relevante no mundo digital! Bem-vindo ao finance.belivedigital!<\/p>","protected":false},"author":2,"featured_media":0,"parent":0,"menu_order":0,"comment_status":"closed","ping_status":"closed","template":"","meta":{"footnotes":""},"class_list":["post-23","page","type-page","status-publish","hentry"],"_links":{"self":[{"href":"https:\/\/belivefinance.chatactio.com\/ar\/wp-json\/wp\/v2\/pages\/23","targetHints":{"allow":["GET"]}}],"collection":[{"href":"https:\/\/belivefinance.chatactio.com\/ar\/wp-json\/wp\/v2\/pages"}],"about":[{"href":"https:\/\/belivefinance.chatactio.com\/ar\/wp-json\/wp\/v2\/types\/page"}],"author":[{"embeddable":true,"href":"https:\/\/belivefinance.chatactio.com\/ar\/wp-json\/wp\/v2\/users\/2"}],"replies":[{"embeddable":true,"href":"https:\/\/belivefinance.chatactio.com\/ar\/wp-json\/wp\/v2\/comments?post=23"}],"version-history":[{"count":1,"href":"https:\/\/belivefinance.chatactio.com\/ar\/wp-json\/wp\/v2\/pages\/23\/revisions"}],"predecessor-version":[{"id":24,"href":"https:\/\/belivefinance.chatactio.com\/ar\/wp-json\/wp\/v2\/pages\/23\/revisions\/24"}],"wp:attachment":[{"href":"https:\/\/belivefinance.chatactio.com\/ar\/wp-json\/wp\/v2\/media?parent=23"}],"curies":[{"name":"wp","href":"https:\/\/api.w.org\/{rel}","templated":true}]}}